{"id":8387,"date":"2020-03-06T10:38:56","date_gmt":"2020-03-06T09:38:56","guid":{"rendered":"https:\/\/hotelelpaso.es\/politica-de-cookies\/"},"modified":"2023-11-30T12:01:29","modified_gmt":"2023-11-30T11:01:29","slug":"politica-de-cookies","status":"publish","type":"page","link":"https:\/\/hotelelpaso.es\/en\/politica-de-cookies\/","title":{"rendered":"Pol\u00edtica de cookies"},"content":{"rendered":"<p>[et_pb_section fb_built=&#8221;1&#8243; module_class=&#8221;seccion-tit&#8221; _builder_version=&#8221;4.23.1&#8243; vertical_offset_tablet=&#8221;0&#8243; horizontal_offset_tablet=&#8221;0&#8243; custom_padding=&#8221;||0px||false|false&#8221; z_index_tablet=&#8221;0&#8243; box_shadow_horizontal_tablet=&#8221;0px&#8221; box_shadow_vertical_tablet=&#8221;0px&#8221; box_shadow_blur_tablet=&#8221;40px&#8221; box_shadow_spread_tablet=&#8221;0px&#8221; global_colors_info=&#8221;{}&#8221;][et_pb_row _builder_version=&#8221;4.16&#8243; background_size=&#8221;initial&#8221; background_position=&#8221;top_left&#8221; background_repeat=&#8221;repeat&#8221; global_colors_info=&#8221;{}&#8221;][et_pb_column type=&#8221;4_4&#8243; _builder_version=&#8221;4.16&#8243; custom_padding=&#8221;|||&#8221; global_colors_info=&#8221;{}&#8221; custom_padding__hover=&#8221;|||&#8221;][et_pb_post_title meta=&#8221;off&#8221; featured_image=&#8221;off&#8221; module_class=&#8221;titulo-pagina&#8221; _builder_version=&#8221;4.16&#8243; vertical_offset_tablet=&#8221;0&#8243; horizontal_offset_tablet=&#8221;0&#8243; z_index_tablet=&#8221;0&#8243; title_text_shadow_horizontal_length_tablet=&#8221;0px&#8221; title_text_shadow_vertical_length_tablet=&#8221;0px&#8221; title_text_shadow_blur_strength_tablet=&#8221;1px&#8221; meta_text_shadow_horizontal_length_tablet=&#8221;0px&#8221; meta_text_shadow_vertical_length_tablet=&#8221;0px&#8221; meta_text_shadow_blur_strength_tablet=&#8221;1px&#8221; box_shadow_horizontal_tablet=&#8221;0px&#8221; box_shadow_vertical_tablet=&#8221;0px&#8221; box_shadow_blur_tablet=&#8221;40px&#8221; box_shadow_spread_tablet=&#8221;0px&#8221; text_shadow_horizontal_length_tablet=&#8221;0px&#8221; text_shadow_vertical_length_tablet=&#8221;0px&#8221; text_shadow_blur_strength_tablet=&#8221;1px&#8221; global_colors_info=&#8221;{}&#8221;][\/et_pb_post_title][\/et_pb_column][\/et_pb_row][\/et_pb_section][et_pb_section fb_built=&#8221;1&#8243; admin_label=&#8221;Breadcrumbs&#8221; module_id=&#8221;breadcrumbs&#8221; _builder_version=&#8221;4.23&#8243; background_color=&#8221;#cccccc&#8221; background_enable_color=&#8221;off&#8221; global_module=&#8221;3246&#8243; locked=&#8221;off&#8221; collapsed=&#8221;off&#8221; global_colors_info=&#8221;{}&#8221;][et_pb_row _builder_version=&#8221;4.16&#8243; custom_padding=&#8221;10px||10px||false|false&#8221; global_colors_info=&#8221;{}&#8221;][et_pb_column type=&#8221;4_4&#8243; _builder_version=&#8221;4.16&#8243; global_colors_info=&#8221;{}&#8221;][et_pb_code admin_label=&#8221;migas de pan&#8221; module_class=&#8221;migas-pan&#8221; _builder_version=&#8221;4.23.1&#8243; text_orientation=&#8221;left&#8221; locked=&#8221;off&#8221; global_colors_info=&#8221;{}&#8221;]<nav aria-label=\"breadcrumbs\" class=\"rank-math-breadcrumb\"><p><span class=\"last\">Inicio<\/span><\/p><\/nav>[\/et_pb_code][\/et_pb_column][\/et_pb_row][\/et_pb_section][et_pb_section fb_built=&#8221;1&#8243; module_class=&#8221;seccion seccion-pagina contenido&#8221; _builder_version=&#8221;4.23&#8243; vertical_offset_tablet=&#8221;0&#8243; horizontal_offset_tablet=&#8221;0&#8243; custom_padding=&#8221;0px||||false|false&#8221; z_index_tablet=&#8221;0&#8243; box_shadow_horizontal_tablet=&#8221;0px&#8221; box_shadow_vertical_tablet=&#8221;0px&#8221; box_shadow_blur_tablet=&#8221;40px&#8221; box_shadow_spread_tablet=&#8221;0px&#8221; global_colors_info=&#8221;{}&#8221;][et_pb_row _builder_version=&#8221;4.16&#8243; background_size=&#8221;initial&#8221; background_position=&#8221;top_left&#8221; background_repeat=&#8221;repeat&#8221; global_colors_info=&#8221;{}&#8221;][et_pb_column type=&#8221;4_4&#8243; _builder_version=&#8221;4.16&#8243; custom_padding=&#8221;|||&#8221; global_colors_info=&#8221;{}&#8221; custom_padding__hover=&#8221;|||&#8221;][et_pb_text _builder_version=&#8221;4.23&#8243; background_size=&#8221;initial&#8221; background_position=&#8221;top_left&#8221; background_repeat=&#8221;repeat&#8221; global_colors_info=&#8221;{}&#8221;]<\/p>\n<p>En cumplimiento de la Ley 34\/2002, de 11 de julio, de Servicios de la Sociedad de la Informaci\u00f3n y Comercio Electr\u00f3nico le informamos de que este sitio web, al igual que la mayor\u00eda de los sitios en Internet, usa Cookies para mejorar y optimizar la experiencia del usuario. A continuaci\u00f3n encontrar\u00e1 informaci\u00f3n detallada sobre qu\u00e9 son las \u201cCookies\u201d, qu\u00e9 tipolog\u00eda utiliza este sitio web, c\u00f3mo cambiar la configuraci\u00f3n de sus cookies, y qu\u00e9 ocurre si las deshabilita.<\/p>\n<h2>\u00bfQu\u00e9 son las cookies?<\/h2>\n<p>Una cookie es un fichero que se descarga en su ordenador, smartphone o dispositivo al acceder a una web. Las cookies permiten a la web almacenar y recuperar informaci\u00f3n sobre los h\u00e1bitos de navegaci\u00f3n del usuario o del equipo y, dependiendo de la informaci\u00f3n que contengan y de la forma en que utilice su equipo, pueden utilizarse para reconocer al usuario.<\/p>\n<h2>\u00bfQu\u00e9 tipos de cookies hay?<\/h2>\n<ul>\n<li>Cookies funcionales y cookies t\u00e9cnicas: Son estrictamente necesarias para la prestaci\u00f3n de determinados servicios solicitados expresamente por el usuario, si se desactivan estas cookies, no podr\u00e1 recibir correctamente nuestros contenidos o servicios.<\/li>\n<li>Cookies sociales: Controlan la interacci\u00f3n con los botones de las redes sociales dentro de la web. Se utilizan en los dominios \u201cyoutube.com\u201d, \u201cfacebook.com\u201d, \u201cgoogle.com\u201d y \u201ctwitter.com\u201d. Cookies de an\u00e1lisis: Bien tratadas por nosotros o por terceros, nos permiten cuantificar el n\u00famero de usuarios y medir y analizar estad\u00edsticamente el uso que hacen los usuarios de la web. Se analiza su navegaci\u00f3n con el fin de mejorar la oferta de productos o servicios que le ofrecemos.<\/li>\n<li>Cookies publicitarias: Bien tratadas por nosotros o por terceros, nos permiten gestionar de la forma m\u00e1s eficaz posible la oferta de los espacios publicitarios que hay en la p\u00e1gina web, adecuando el contenido del anuncio al contenido del servicio solicitado, al uso que se realice de la web, o a la informaci\u00f3n que dispongamos sobre sus h\u00e1bitos de navegaci\u00f3n en Internet.<\/li>\n<\/ul>\n<h2>\u00bfS\u00f3lo existen cookies?<\/h2>\n<p>Puede ser que haya webs que usen otras formas de almacenamiento similar a las cookies pero con m\u00e1s capacidad, o otras formas de almacenamiento local de datos en el equipo del cliente, por ejemplo:<\/p>\n<ul>\n<li>LocalStorage y sessionStorage de HTML5: Espacio que la web puede usar en el equipo delusuario. Normalmente borrando el historial de Navegaci\u00f3n se pueden borrar.<\/li>\n<li>Los &#8220;Local Shared Objects&#8221; de Flash (el &#8220;isolated storage&#8221; de Silverlight): Se almacenan dentro de la carpeta de Microsoft de donde tiene el perfil de usuario. Hay que entrar en la carpeta y borrarlo. (Ejemplo: los videos de vimeo).<\/li>\n<li>Estos archivos son m\u00e1s intrusivos que las cookies, ya que son m\u00e1s complicados de eliminar, guardan m\u00e1s informaci\u00f3n, y son independientes al navegador que se use.<\/li>\n<\/ul>\n<h2>\u00bfQu\u00e9 ocurre si se deshabilitan las Cookies?<\/h2>\n<p>Algunas funcionalidades de los Servicios, o \u00e1reas de la web podr\u00edan no funcionar correctamente. El no aceptar cookies conlleva que instalemos en su equipo una Cookie de rechazo, que nos informa que no desea cookies en las sucesivas visitas.<\/p>\n<p>Hay herramientas de terceros, que permiten a los usuarios detectar las cookies de cada sitio web que visita y gestionar su desactivaci\u00f3n.<\/p>\n<h2>\u00bfActualizamos nuestra Pol\u00edtica de Cookies?<\/h2>\n<p>Es posible que actualicemos la Pol\u00edtica de Cookies de nuestro p\u00e1gina web, por ello le recomendamos revisar esta pol\u00edtica cada vez que acceda a nuestro sitio web con el objetivo de estar adecuadamente informado sobre c\u00f3mo y para qu\u00e9 usamos las cookies.<\/p>\n<h2>\u00bfQu\u00e9 tipo de Cookies utiliza esta p\u00e1gina web?<\/h2>\n<p>[\/et_pb_text][et_pb_text _builder_version=&#8221;4.23.1&#8243; _module_preset=&#8221;default&#8221; hover_enabled=&#8221;0&#8243; global_colors_info=&#8221;{}&#8221; sticky_enabled=&#8221;0&#8243;]<\/p>\n<table>\n<thead>\n<tr>\n<th>Nombre Cookie<\/th>\n<th>Duraci\u00f3n<\/th>\n<th>Descripci\u00f3n<\/th>\n<th>Tipo<\/th>\n<\/tr>\n<\/thead>\n<tbody>\n<tr>\n<td>_ga_*<\/td>\n<td>2 a\u00f1os<\/td>\n<td>Cookie publicitaria de terceros (Google Adwords). Incluye informaci\u00f3n de la campa\u00f1a relativa al usuario. S\u00f3lo se instala si provienes de un anuncio de Google.<\/td>\n<td>Anal\u00edtica<\/td>\n<\/tr>\n<tr>\n<td>_ga<\/td>\n<td>2 a\u00f1os<\/td>\n<td>Este nombre de cookie est\u00e1 asociado con Google Universal Analytics, que es una actualizaci\u00f3n significativa del servicio de an\u00e1lisis m\u00e1s utilizado de Google. Esta cookie se utiliza para distinguir usuarios \u00fanicos asignando un n\u00famero generado aleatoriamente como identificador de cliente. Se incluye en cada solicitud de p\u00e1gina en un sitio y se utiliza para calcular los datos de visitantes, sesiones y campa\u00f1as para los informes de an\u00e1lisis de sitios. De forma predeterminada, est\u00e1 configurado para expirar despu\u00e9s de 2 a\u00f1os, aunque esto es personalizable por los propietarios del sitio web.<\/td>\n<td>Anal\u00edtica<\/td>\n<\/tr>\n<tr>\n<td>cc_cookie<\/td>\n<td>182 d\u00edas<\/td>\n<td>Cookie usada para registrar la aceptaci\u00f3n y configuraci\u00f3n de cookies del usuario en nuestro sitio web.<\/td>\n<td>Funcional<\/td>\n<\/tr>\n<tr>\n<td>wp-wpml_current_language<\/td>\n<td>1 d\u00eda<\/td>\n<td>Este per\u00edodo muestra la duraci\u00f3n del per\u00edodo durante el cual un servicio puede almacenar y\/o leer ciertos datos de su computadora mediante el uso de una cookie, un p\u00edxel, una API, seguimiento sin cookies u otros recursos.<\/td>\n<td>Funcional<\/td>\n<\/tr>\n<\/tbody>\n<\/table>\n<p>[\/et_pb_text][et_pb_text _builder_version=&#8221;4.23&#8243; _module_preset=&#8221;default&#8221; hover_enabled=&#8221;0&#8243; global_colors_info=&#8221;{}&#8221; sticky_enabled=&#8221;0&#8243;]<\/p>\n<h2>\u00bfC\u00f3mo puede configurar sus Cookies?<\/h2>\n<p>Desde el banner que le aparece al acceder a la web, tiene la posibilidad de ejercer su derecho a bloquear, eliminar y rechazar el uso de Cookies. Tambi\u00e9n puede modificando las opciones de su navegador. Por ejemplo:<\/p>\n<ul>\n<li>Microsoft Edge: Configuraci\u00f3n y m\u00e1s &gt; Configuraci\u00f3n &gt; Cookies y permisos de sitio. M\u00e1s informaci\u00f3n, consulte el<a href=\"\" target=\"_blank\" rel=\"noopener\"> soporte de Microsoft<\/a> o la Ayuda del navegador.<\/li>\n<li>Mozilla Firefox: Herramientas &gt; Opciones &gt; Privacidad &gt; Historial &gt; Configuraci\u00f3n Personalizada M\u00e1s informaci\u00f3n, consulte el <a href=\"https:\/\/support.mozilla.org\/es\/\" target=\"_blank\" rel=\"noopener\">soporte de Mozilla<\/a> o la Ayuda del navegador.<\/li>\n<li>Google Chrome: Configuraci\u00f3n &gt; Mostrar opciones avanzadas &gt; Privacidad &gt; Configuraci\u00f3n de contenido M\u00e1s informaci\u00f3n, consulte el <a href=\"https:\/\/support.google.com\/chrome\/?hl=es#topic=7439538\" target=\"_blank\" rel=\"noopener\">soporte de Google<\/a> o la Ayuda del navegador.<\/li>\n<li>Safari (Apple): Preferencias &gt; Seguridad. M\u00e1s informaci\u00f3n, consulte el <a href=\"https:\/\/support.apple.com\/es-es\/safari\" target=\"_blank\" rel=\"noopener\">soporte de Apple<\/a> o la Ayuda del navegador.<\/li>\n<li>Opera (Opera Software): Configuraci\u00f3n &gt; Opciones &gt; Avanzado &gt; Cookies M\u00e1s informaci\u00f3n, consulte el <a href=\"https:\/\/support.apple.com\/es-es\/safari\" target=\"_blank\" rel=\"noopener\">soporte de Opera<\/a> o la Ayuda del navegador.<\/li>\n<\/ul>\n<p>Si usa otro navegador distinto a los anteriores, consulte su pol\u00edtica de instalaci\u00f3n, uso y bloqueo de cookies.<\/p>\n<p>[\/et_pb_text][\/et_pb_column][\/et_pb_row][\/et_pb_section]<\/p>\n","protected":false},"excerpt":{"rendered":"<p><nav aria-label=\"breadcrumbs\" class=\"rank-math-breadcrumb\"><p><span class=\"last\">Inicio<\/span><\/p><\/nav>En cumplimiento de la Ley 34\/2002, de 11 de julio, de Servicios de la Sociedad de la Informaci\u00f3n y Comercio Electr\u00f3nico le informamos de que este sitio web, al igual que la mayor\u00eda de los sitios en Internet, usa Cookies para mejorar y optimizar la experiencia del usuario. A continuaci\u00f3n encontrar\u00e1 informaci\u00f3n detallada sobre qu\u00e9 [&hellip;]<\/p>\n","protected":false},"author":1,"featured_media":0,"parent":0,"menu_order":0,"comment_status":"closed","ping_status":"closed","template":"","meta":{"_et_pb_use_builder":"on","_et_pb_old_content":"","_et_gb_content_width":"","footnotes":""},"class_list":["post-8387","page","type-page","status-publish","hentry"],"_links":{"self":[{"href":"https:\/\/hotelelpaso.es\/en\/wp-json\/wp\/v2\/pages\/8387","targetHints":{"allow":["GET"]}}],"collection":[{"href":"https:\/\/hotelelpaso.es\/en\/wp-json\/wp\/v2\/pages"}],"about":[{"href":"https:\/\/hotelelpaso.es\/en\/wp-json\/wp\/v2\/types\/page"}],"author":[{"embeddable":true,"href":"https:\/\/hotelelpaso.es\/en\/wp-json\/wp\/v2\/users\/1"}],"replies":[{"embeddable":true,"href":"https:\/\/hotelelpaso.es\/en\/wp-json\/wp\/v2\/comments?post=8387"}],"version-history":[{"count":5,"href":"https:\/\/hotelelpaso.es\/en\/wp-json\/wp\/v2\/pages\/8387\/revisions"}],"predecessor-version":[{"id":8392,"href":"https:\/\/hotelelpaso.es\/en\/wp-json\/wp\/v2\/pages\/8387\/revisions\/8392"}],"wp:attachment":[{"href":"https:\/\/hotelelpaso.es\/en\/wp-json\/wp\/v2\/media?parent=8387"}],"curies":[{"name":"wp","href":"https:\/\/api.w.org\/{rel}","templated":true}]}}